{"id":31,"date":"2014-07-19T20:39:32","date_gmt":"2014-07-19T19:39:32","guid":{"rendered":"https:\/\/knos.ug.edu.pl\/?page_id=31"},"modified":"2021-12-08T03:55:40","modified_gmt":"2021-12-08T02:55:40","slug":"kontakt","status":"publish","type":"page","link":"https:\/\/knos.ug.edu.pl\/?page_id=31","title":{"rendered":"Kontakt"},"content":{"rendered":"<p style=\"text-align: center;\">Mail: \u00a0ug.knos@gmail.com<\/p>\n<p style=\"text-align: center;\">Facebook:\u00a0<a href=\"https:\/\/www.facebook.com\/ug.knos\/\">https:\/\/www.facebook.com\/ug.knos\/<\/a><\/p>\n<p style=\"text-align: center;\">Instagram:\u00a0<a href=\"https:\/\/www.instagram.com\/knos.ug\/\">https:\/\/www.instagram.com\/knos.ug\/<\/a><\/p>\n<p>&nbsp;<\/p>\n<p style=\"text-align: center;\">Wydzia\u0142 Chemii Uniwersytetu Gda\u0144skiego<\/p>\n<p style=\"text-align: center;\">ul. Wita Stwosza 63<\/p>\n<p style=\"text-align: center;\">80-308 Gda\u0144sk<\/p>\n<p style=\"text-align: center;\">Pok\u00f3j F119<\/p>\n<p><a href=\"https:\/\/knos.ug.edu.pl\/wp-content\/uploads\/2014\/07\/chemia1_27052013.jpg\"><img fetchpriority=\"high\" decoding=\"async\" class=\"alignnone size-full wp-image-154 aligncenter\" src=\"https:\/\/knos.ug.edu.pl\/wp-content\/uploads\/2014\/07\/chemia1_27052013.jpg\" alt=\"chemia1_27052013\" width=\"550\" height=\"381\" srcset=\"https:\/\/knos.ug.edu.pl\/wp-content\/uploads\/2014\/07\/chemia1_27052013.jpg 550w, https:\/\/knos.ug.edu.pl\/wp-content\/uploads\/2014\/07\/chemia1_27052013-300x207.jpg 300w\" sizes=\"(max-width: 550px) 100vw, 550px\" \/><\/a><\/p>\n","protected":false},"excerpt":{"rendered":"<p>Mail: \u00a0ug.knos@gmail.com Facebook:\u00a0https:\/\/www.facebook.com\/ug.knos\/ Instagram:\u00a0https:\/\/www.instagram.com\/knos.ug\/ &nbsp; Wydzia\u0142 Chemii Uniwersytetu Gda\u0144skiego ul. Wita Stwosza 63 80-308 Gda\u0144sk Pok\u00f3j F119<\/p>\n","protected":false},"author":5,"featured_media":0,"parent":0,"menu_order":0,"comment_status":"closed","ping_status":"closed","template":"","meta":{"footnotes":""},"class_list":["post-31","page","type-page","status-publish","hentry"],"_links":{"self":[{"href":"https:\/\/knos.ug.edu.pl\/index.php?rest_route=\/wp\/v2\/pages\/31","targetHints":{"allow":["GET"]}}],"collection":[{"href":"https:\/\/knos.ug.edu.pl\/index.php?rest_route=\/wp\/v2\/pages"}],"about":[{"href":"https:\/\/knos.ug.edu.pl\/index.php?rest_route=\/wp\/v2\/types\/page"}],"author":[{"embeddable":true,"href":"https:\/\/knos.ug.edu.pl\/index.php?rest_route=\/wp\/v2\/users\/5"}],"replies":[{"embeddable":true,"href":"https:\/\/knos.ug.edu.pl\/index.php?rest_route=%2Fwp%2Fv2%2Fcomments&post=31"}],"version-history":[{"count":7,"href":"https:\/\/knos.ug.edu.pl\/index.php?rest_route=\/wp\/v2\/pages\/31\/revisions"}],"predecessor-version":[{"id":1173,"href":"https:\/\/knos.ug.edu.pl\/index.php?rest_route=\/wp\/v2\/pages\/31\/revisions\/1173"}],"wp:attachment":[{"href":"https:\/\/knos.ug.edu.pl\/index.php?rest_route=%2Fwp%2Fv2%2Fmedia&parent=31"}],"curies":[{"name":"wp","href":"https:\/\/api.w.org\/{rel}","templated":true}]}}