{"id":24,"date":"2014-07-19T20:37:16","date_gmt":"2014-07-19T19:37:16","guid":{"rendered":"https:\/\/knos.ug.edu.pl\/?page_id=24"},"modified":"2021-12-08T03:52:40","modified_gmt":"2021-12-08T02:52:40","slug":"o-nas","status":"publish","type":"page","link":"https:\/\/knos.ug.edu.pl\/?page_id=24","title":{"rendered":"Historia"},"content":{"rendered":"<p style=\"text-align: center;\" align=\"JUSTIFY\">Chcieliby\u015bcie pozna\u0107 nasz\u0105 histori\u0119?<\/p>\n<p align=\"JUSTIFY\">Oto ona:<\/p>\n<p align=\"JUSTIFY\">Wraz z otworzeniem nowego kierunku na Wydziale Chemii Uniwersytetu Gda\u0144skiego jakim by\u0142a Ochrona \u015arodowiska powsta\u0142o Ko\u0142o Naukowe Ochrony \u015arodowiska- KNO\u015a. Legenda g\u0142osi, i\u017c by\u0142o to w 1990 roku.<\/p>\n<p align=\"JUSTIFY\">Ko\u0142o w 2012 reaktywowa\u0142a po paru latach przerwy <b>Kasia Mioduszewska<\/b>, kt\u00f3ra tak pokocha\u0142a wydzia\u0142, \u017ce postanowi\u0142a zosta\u0107 na studiach doktoranckich, dalej pog\u0142\u0119biaj\u0105c wiedz\u0119 na temat analiz \u015brodowiskowych. Ju\u017c wtedy zaszczepi\u0142a w nas-m\u0142odszym pokoleniu, ch\u0119\u0107 do wsp\u00f3lnego dzia\u0142ania. Wykonywali\u015bmy do\u015bwiadczenia na Ba\u0142tyckim Festiwalu Nauk, edukowali\u015bmy m\u0142odszych, promowali\u015bmy wydzia\u0142, jednak naszym g\u0142\u00f3wnym osi\u0105gni\u0119ciem by\u0142a organizacja konferencji naukowej Cz\u0142owiek-Nauka-\u015arodowisko. Na dwudniowe wyk\u0142ady zaprosili\u015bmy student\u00f3w i doktorant\u00f3w z ca\u0142ej Polski. Tematyka by\u0142a bardzo szeroka i ciekawa.<\/p>\n<p align=\"JUSTIFY\">Po po\u017cegnaniu Kasi i reszty zarz\u0105du stanowisko pani prezes przej\u0119\u0142a <b>Asia Pojawa<\/b>.\u00a0W 2013 rozpocz\u0119li\u015bmy prac\u0119 z Lig\u0105 Ochrony Przyrody i ZMiGM pisz\u0105c wsp\u00f3lnie projekt PPM\u015a- Polski Patrol Monitoringu \u015arodowiska. Celem kampanii jest u\u015bwiadomienie odbiorcom-licealistom, projektu wp\u0142ywu \u201eniskich emisji\u201d na zdrowie ludzi, jak r\u00f3wnie\u017c jako\u015b\u0107 \u015brodowiska. Reklamowali\u015bmy si\u0119, pisali\u015bmy notki, broszurki, by wsp\u00f3lnie z m\u0142odszymi kolegami pracowa\u0107 w laboratorium, badaj\u0105c zanieczyszczenia powietrza w Gda\u0144sku. Zaj\u0119li\u015bmy si\u0119 r\u00f3wnie\u017c pokazem do\u015bwiadcze\u0144 w ramach Klubu M\u0142odego Ekologa. Pokazali\u015bmy jak uzyska\u0107 energi\u0119 z cytryny, jak wygl\u0105da ekodom, jak utylizowa\u0107 odpady i bada\u0107 ha\u0142as.<\/p>\n<p align=\"JUSTIFY\">W latach 2014-2015 KNOSiem przewodzi\u0142 <strong>\u0141ukasz \u017beromski<\/strong>, kt\u00f3ry mocno anga\u017cowa\u0142 si\u0119 w \u017cycie ko\u0142a. Dzi\u0119ki jego pracy odby\u0142a si\u0119 ekspedycja do Hiszpanii w celu zbadania jako\u015bci powietrza oraz wycieczka do Warszawy, podczas kt\u00f3rej poznali\u015bmy pracownik\u00f3w Pa\u0144stwowej Agencji Atomistyki czy WWF-u.<\/p>\n<p align=\"JUSTIFY\">Kolejnym przewodnicz\u0105cym od marca 2016 zosta\u0142a <strong>Marta\u00a0<\/strong><b>Parteka<\/b>. Rozpocz\u0119\u0142y si\u0119 czasy porz\u0105dk\u00f3w w dokumentacji. Ko\u0142o naukowe zacz\u0119\u0142o wraca\u0107 do formy, dzi\u0119ki zaparciu przewodnicz\u0105cej, poprzez wyj\u015bcia edukacyjne np. do Oczyszczalni \u015aciek\u00f3w w Swarzewie, rozpocz\u0119cie praktyk w laboratorium, uczestniczenie w werbinariach, anga\u017cowanie si\u0119 w imprezy organizowane na Uniwersytecie Gda\u0144skim np. Europejski Tydzie\u0144 Zr\u00f3wnowa\u017conego Rozwoju czy organizacj\u0119 \u015awi\u0105tecznej Zbi\u00f3rki dla Zwierz\u0105t, kt\u00f3ra sta\u0142a si\u0119 coroczn\u0105 tradycj\u0105 ko\u0142a. Dodatkowo w maju 2018 rozpocz\u0119to prac\u0119 nad now\u0105 inicjatyw\u0105 wszystkich trzech k\u00f3\u0142 na Wydziale Chemii &#8211; konferencja Chemia-Biznes-\u015arodowisko.<\/p>\n<p align=\"JUSTIFY\">W latach 2018-2020 ko\u0142em przewodniczy\u0142a <strong>Karolina Laszczuk.\u00a0<\/strong>Wraz z Simon\u0105 Ko\u0142ek kontynuowa\u0142y podj\u0119te inicjatywy Ko\u0142a. Prowadzone by\u0142y warsztaty chemiczne dla m\u0142odzie\u017cy w naszym laboratorium ko\u0142owym, gdzie przedstawiali\u015bmy chemie w ochronie \u015brodowiska. Odby\u0142a si\u0119 kolejna edycja Konferencji Chemia-Biznes-\u015arodowisko oraz rozpocz\u0119to warsztaty na Dniu Zr\u00f3wnowa\u017conego Rozwoju.<\/p>\n<p align=\"JUSTIFY\">W roku 2020 przewodnicz\u0105c\u0105 zosta\u0142a\u00a0<strong>Simona Ko\u0142ek<\/strong>, kt\u00f3ra do dnia dzisiejszego godnie reprezentuje KNO\u015a.<\/p>\n","protected":false},"excerpt":{"rendered":"<p>Chcieliby\u015bcie pozna\u0107 nasz\u0105 histori\u0119? Oto ona: Wraz z otworzeniem nowego kierunku na Wydziale Chemii Uniwersytetu Gda\u0144skiego jakim by\u0142a Ochrona \u015arodowiska powsta\u0142o Ko\u0142o Naukowe Ochrony \u015arodowiska- KNO\u015a. Legenda g\u0142osi, i\u017c by\u0142o to w 1990 roku. Ko\u0142o w 2012 reaktywowa\u0142a po paru latach przerwy Kasia Mioduszewska, kt\u00f3ra tak pokocha\u0142a wydzia\u0142, \u017ce postanowi\u0142a zosta\u0107 na studiach doktoranckich, dalej [&hellip;]<\/p>\n","protected":false},"author":5,"featured_media":0,"parent":0,"menu_order":0,"comment_status":"closed","ping_status":"closed","template":"","meta":{"footnotes":""},"class_list":["post-24","page","type-page","status-publish","hentry"],"_links":{"self":[{"href":"https:\/\/knos.ug.edu.pl\/index.php?rest_route=\/wp\/v2\/pages\/24","targetHints":{"allow":["GET"]}}],"collection":[{"href":"https:\/\/knos.ug.edu.pl\/index.php?rest_route=\/wp\/v2\/pages"}],"about":[{"href":"https:\/\/knos.ug.edu.pl\/index.php?rest_route=\/wp\/v2\/types\/page"}],"author":[{"embeddable":true,"href":"https:\/\/knos.ug.edu.pl\/index.php?rest_route=\/wp\/v2\/users\/5"}],"replies":[{"embeddable":true,"href":"https:\/\/knos.ug.edu.pl\/index.php?rest_route=%2Fwp%2Fv2%2Fcomments&post=24"}],"version-history":[{"count":20,"href":"https:\/\/knos.ug.edu.pl\/index.php?rest_route=\/wp\/v2\/pages\/24\/revisions"}],"predecessor-version":[{"id":1387,"href":"https:\/\/knos.ug.edu.pl\/index.php?rest_route=\/wp\/v2\/pages\/24\/revisions\/1387"}],"wp:attachment":[{"href":"https:\/\/knos.ug.edu.pl\/index.php?rest_route=%2Fwp%2Fv2%2Fmedia&parent=24"}],"curies":[{"name":"wp","href":"https:\/\/api.w.org\/{rel}","templated":true}]}}