{"id":1167,"date":"2021-12-08T03:50:21","date_gmt":"2021-12-08T02:50:21","guid":{"rendered":"https:\/\/knos.ug.edu.pl\/?page_id=1167"},"modified":"2024-11-30T16:36:23","modified_gmt":"2024-11-30T15:36:23","slug":"zarzad-oraz-opiekunowie","status":"publish","type":"page","link":"https:\/\/knos.ug.edu.pl\/?page_id=1167","title":{"rendered":"Zarz\u0105d oraz opiekunowie"},"content":{"rendered":"<p style=\"text-align: center;\">Opiekunowie Ko\u0142a Naukowego Ochrony \u015arodowiska<\/p>\n<p style=\"text-align: center;\">Opiekun KNO\u015a UG:<\/p>\n<p style=\"text-align: center;\"><a href=\"https:\/\/repozytorium.bg.ug.edu.pl\/info\/author\/UOGf795f7c901934abab956e17721e4b575\/?r=publication&amp;tab=publications&amp;sort=&amp;lang=pl\">dr Aleksandra Bielicka-Gie\u0142do\u0144<\/a><\/p>\n<p style=\"text-align: center;\">Opiekun pomocniczy KNO\u015a UG:<\/p>\n<p style=\"text-align: center;\">mgr Kamil Antoszewski<\/p>\n<p style=\"text-align: center;\">Zarz\u0105d Ko\u0142a Naukowego Ochrony \u015arodowiska<\/p>\n<p style=\"text-align: center;\">Przewodnicz\u0105ca KNO\u015a UG:<\/p>\n<p style=\"text-align: center;\">Weronika J\u0119drzak<\/p>\n<p style=\"text-align: center;\">Wiceprzewodnicz\u0105ce KNO\u015a UG:<\/p>\n<p style=\"text-align: center;\">Weronika Jankowska<\/p>\n<p style=\"text-align: center;\">Daria Komkowska<\/p>\n<p style=\"text-align: center;\">\u00a0<\/p>\n\n\n<p><\/p>\n","protected":false},"excerpt":{"rendered":"<p>Opiekunowie Ko\u0142a Naukowego Ochrony \u015arodowiska Opiekun KNO\u015a UG: dr Aleksandra Bielicka-Gie\u0142do\u0144 Opiekun pomocniczy KNO\u015a UG: mgr Kamil Antoszewski Zarz\u0105d Ko\u0142a Naukowego Ochrony \u015arodowiska Przewodnicz\u0105ca KNO\u015a UG: Weronika J\u0119drzak Wiceprzewodnicz\u0105ce KNO\u015a UG: Weronika Jankowska Daria Komkowska \u00a0<\/p>\n","protected":false},"author":100,"featured_media":0,"parent":0,"menu_order":0,"comment_status":"closed","ping_status":"closed","template":"","meta":{"footnotes":""},"class_list":["post-1167","page","type-page","status-publish","hentry"],"_links":{"self":[{"href":"https:\/\/knos.ug.edu.pl\/index.php?rest_route=\/wp\/v2\/pages\/1167","targetHints":{"allow":["GET"]}}],"collection":[{"href":"https:\/\/knos.ug.edu.pl\/index.php?rest_route=\/wp\/v2\/pages"}],"about":[{"href":"https:\/\/knos.ug.edu.pl\/index.php?rest_route=\/wp\/v2\/types\/page"}],"author":[{"embeddable":true,"href":"https:\/\/knos.ug.edu.pl\/index.php?rest_route=\/wp\/v2\/users\/100"}],"replies":[{"embeddable":true,"href":"https:\/\/knos.ug.edu.pl\/index.php?rest_route=%2Fwp%2Fv2%2Fcomments&post=1167"}],"version-history":[{"count":4,"href":"https:\/\/knos.ug.edu.pl\/index.php?rest_route=\/wp\/v2\/pages\/1167\/revisions"}],"predecessor-version":[{"id":1347,"href":"https:\/\/knos.ug.edu.pl\/index.php?rest_route=\/wp\/v2\/pages\/1167\/revisions\/1347"}],"wp:attachment":[{"href":"https:\/\/knos.ug.edu.pl\/index.php?rest_route=%2Fwp%2Fv2%2Fmedia&parent=1167"}],"curies":[{"name":"wp","href":"https:\/\/api.w.org\/{rel}","templated":true}]}}