{"id":1162,"date":"2021-12-08T03:10:53","date_gmt":"2021-12-08T02:10:53","guid":{"rendered":"https:\/\/knos.ug.edu.pl\/?page_id=1162"},"modified":"2022-06-09T12:44:08","modified_gmt":"2022-06-09T11:44:08","slug":"statut","status":"publish","type":"page","link":"https:\/\/knos.ug.edu.pl\/?page_id=1162","title":{"rendered":"Statut"},"content":{"rendered":"<p><strong>STATUT\u00a0<\/strong><\/p>\n<p><strong><em>Ko\u0142a Naukowego Ochrony \u015arodowiska Wydzia\u0142u Chemii Uniwersytetu Gda\u0144skiego\u00a0<\/em><\/strong><\/p>\n<ul>\n<li><strong>1\u00a0<\/strong><\/li>\n<\/ul>\n<p><strong>Postanowienia og\u00f3lne\u00a0<\/strong><\/p>\n<ol>\n<li><em>Ko\u0142o Naukowe <\/em>pod pe\u0142n\u0105 nazw\u0105 <em>Ko\u0142o Naukowe Ochrony \u015arodowiska Wydzia\u0142u Chemii\u00a0 Uniwersytetu Gda\u0144skiego<\/em>, jest uczelnian\u0105 organizacj\u0105 studenck\u0105 i w rozumieniu ustawy \u201ePrawo\u00a0 o szkolnictwie wy\u017cszym\u201d zwane dalej <em>Ko\u0142em.\u00a0<\/em><\/li>\n<li><em>Ko\u0142o <\/em>dzia\u0142a na podstawie Ustawy \u201ePrawo o szkolnictwie wy\u017cszym\u201d z dnia 20 lipca 2018 r. oraz\u00a0 Statutu Uniwersytetu Gda\u0144skiego.\u00a0<\/li>\n<li><em>Ko\u0142o <\/em>mo\u017ce u\u017cywa\u0107 skr\u00f3conej nazwy w brzmieniu \u201e<em>KNO\u015a\u201d, \u201eKNO\u015a UG\u201d lub \u201eKo\u0142o Naukowe\u00a0 Ochrony \u015arodowiska UG\u201d.\u00a0<\/em><\/li>\n<li><em>Ko\u0142o <\/em>mo\u017ce pos\u0142ugiwa\u0107 si\u0119 w\u0142asnym logotypem lub piecz\u0119ci\u0105. Wz\u00f3r logotypu oraz piecz\u0119ci\u00a0 stanowi za\u0142\u0105cznik do niniejszego statutu.\u00a0<\/li>\n<li>Przynale\u017cno\u015b\u0107 do <em>Ko\u0142a <\/em>jest dobrowolna.\u00a0<\/li>\n<li>Siedziba <em>Ko\u0142a <\/em>znajduje si\u0119 na Wydziale Chemii Uniwersytetu Gda\u0144skiego Wita Stwosza 63 80- 308 Gda\u0144sk, pok\u00f3j F119.\u00a0<\/li>\n<li><em>Opiekunem naukowym Ko\u0142a jest nauczyciel akademicki zatrudniony na Wydziale Chemii. <\/em><\/li>\n<li><em>Ko\u0142o mo\u017ce posiada\u0107 opiekuna pomocniczego. Opiekunem pomocniczym Ko\u0142a mo\u017ce by\u0107\u00a0 pracownik zatrudniony na Wydziale Chemii lub doktorant Wydzia\u0142u Chemii.\u00a0<\/em><\/li>\n<li><em>Opiekun\u00f3w Ko\u0142a powo\u0142uje w\u0142a\u015bciwy Dziekan Wydzia\u0142u Chemii.\u00a0<\/em><\/li>\n<li><em>Opiekunowie Ko\u0142a <\/em>mog\u0105 zosta\u0107 zmienieni na Walnym Zebraniu Cz\u0142onk\u00f3w KNO\u015a z ponad po\u0142ow\u0105\u00a0 g\u0142os\u00f3w cz\u0142onk\u00f3w zwyczajnych.\u00a0<\/li>\n<li><em>Opiekunowie Ko\u0142a dzia\u0142aj\u0105 jako organ doradczy i wspomagaj\u0105cy Ko\u0142o.\u00a0<\/em><\/li>\n<li><em>Opiekunowie Ko\u0142a maj\u0105 prawo uczestniczy\u0107, z g\u0142osem doradczym, w Zebraniach Cz\u0142onk\u00f3w Ko\u0142a\u00a0 i posiedzeniach Zarz\u0105du Ko\u0142a.\u00a0<\/em><\/li>\n<\/ol>\n<ul>\n<li><strong>2<\/strong><\/li>\n<\/ul>\n<p><strong>Cele i zadania Ko\u0142a\u00a0<\/strong><\/p>\n<ol>\n<li>Celami Ko\u0142a s\u0105:\u00a0<\/li>\n<li>rozwijanie \u017cycia naukowego w\u015br\u00f3d student\u00f3w,\u00a0<\/li>\n<li>poszerzenie wiedzy i umiej\u0119tno\u015bci z zakresu nauk \u015bcis\u0142ych i przyrodniczych,<\/li>\n<li>reprezentowanie Wydzia\u0142u Chemii Uniwersytetu Gda\u0144skiego poza murami uczelni,<\/li>\n<li>popularyzacja nauk chemicznych i wiedzy ekologicznej,<\/li>\n<\/ol>\n<p>\u00a0<\/p>\n<ol>\n<li>wsp\u00f3\u0142praca z innymi organizacjami studenckimi Uniwersytetu Gda\u0144skiego jak i innymi\u00a0 organizacjami w kraju i zagranic\u0105,\u00a0<\/li>\n<li>rozwijanie umiej\u0119tno\u015bci organizacyjnych cz\u0142onk\u00f3w Ko\u0142a,\u00a0<\/li>\n<li>zrzeszanie os\u00f3b zainteresowanych tematyk\u0105 chemiczn\u0105 oraz ochrony \u015brodowiska,<\/li>\n<li>i inne cele zgodne z kierunkiem dzia\u0142alno\u015bci Ko\u0142a.\u00a0<\/li>\n<\/ol>\n<ul>\n<li><strong>3\u00a0<\/strong><\/li>\n<\/ul>\n<ol>\n<li>Ko\u0142o realizuje cele o kt\u00f3rych mowa w \u00a72 poprzez:\u00a0<\/li>\n<li>organizacj\u0119 spotka\u0144 naukowych, warsztat\u00f3w i konferencji,\u00a0<\/li>\n<li>prowadzenie bada\u0144 naukowych,\u00a0<\/li>\n<li>wsp\u00f3\u0142prac\u0119 przy organizacji wydarze\u0144 na Uniwersytecie Gda\u0144skim,\u00a0<\/li>\n<li>wsp\u00f3\u0142prac\u0119 ze szko\u0142ami, stowarzyszeniami i organizacjami naukowymi,\u00a0<\/li>\n<li>i inne \u015brodki zgodne z kierunkiem dzia\u0142alno\u015bci Ko\u0142a.\u00a0<\/li>\n<li>Za realizacj\u0119 cel\u00f3w statutowych odpowiedzialny jest ka\u017cdy cz\u0142onek Ko\u0142a.<\/li>\n<li>W szczeg\u00f3lnych przypadkach realizacja cel\u00f3w statutowych organizacji mo\u017ce zosta\u0107 powierzona\u00a0 osobom i podmiotom trzecim z zastrze\u017ceniem przepis\u00f3w Ustawy \u201ePrawo o szkolnictwie wy\u017cszym\u201d z\u00a0 dnia 20 lipca 2018 r. oraz Statutu Uniwersytetu Gda\u0144skiego.\u00a0<\/li>\n<\/ol>\n<ul>\n<li><strong>4\u00a0<\/strong><\/li>\n<\/ul>\n<p><strong>Finanse i \u017ar\u00f3d\u0142a finansowania<\/strong><\/p>\n<ol>\n<li>Do realizacji cel\u00f3w, o kt\u00f3rych mowa w \u00a72 i \u00a73, Ko\u0142o mo\u017ce posiada\u0107 r\u00f3\u017cne \u017ar\u00f3d\u0142a finansowania w\u00a0 szczeg\u00f3lno\u015bci pochodz\u0105ce z:\u00a0<\/li>\n<li>dotacji w\u0142adz Uczelni, Wydzia\u0142u Chemii i Parlamentu Student\u00f3w Uniwersytetu Gda\u0144skiego,<\/li>\n<li>darowizn przedsi\u0119biorstw, organizacji gospodarczych oraz os\u00f3b prywatnych,<\/li>\n<li>finansowe nagrody przyznane Ko\u0142u,\u00a0<\/li>\n<li>dochody z wydarze\u0144 organizowanych przez Ko\u0142o,\u00a0<\/li>\n<li>dobrowolne sk\u0142adki cz\u0142onkowskie.\u00a0<\/li>\n<li>Ko\u0142o mo\u017ce posiada\u0107 maj\u0105tek ruchomy i nieruchomy.<\/li>\n<\/ol>\n<p>\u00a0<\/p>\n<p>\u00a0<\/p>\n<p>\u00a0<\/p>\n<ul>\n<li><strong>5<\/strong><\/li>\n<\/ul>\n<p><strong>Struktura organizacyjna Ko\u0142a<\/strong><\/p>\n<ol>\n<li>Organami w\u0142adzy w Kole s\u0105:\u00a0<\/li>\n<li>a) Walne Zebranie Cz\u0142onk\u00f3w,\u00a0<\/li>\n<li>b) Zarz\u0105d w sk\u0142ad kt\u00f3rego wchodz\u0105:\u00a0<\/li>\n<\/ol>\n<p>1) Przewodnicz\u0105cy,\u00a0<\/p>\n<p>2) Wiceprzewodnicz\u0105cy.\u00a0<\/p>\n<ul>\n<li><strong>6<\/strong><\/li>\n<\/ul>\n<p><strong>Walne zebranie cz\u0142onk\u00f3w<\/strong><\/p>\n<ol>\n<li>W sk\u0142ad Walnego Zebrania Cz\u0142onk\u00f3w wchodz\u0105:\u00a0<\/li>\n<li>a) Zarz\u0105d,\u00a0<\/li>\n<li>b) Cz\u0142onkowie zwyczajni.\u00a0<\/li>\n<li>Walne Zebranie Cz\u0142onk\u00f3w zwo\u0142ywane jest przez Zarz\u0105d:\u00a0<\/li>\n<li>na \u017c\u0105danie 1\/3 wszystkich cz\u0142onk\u00f3w,\u00a0<\/li>\n<li>przynajmniej raz w ka\u017cdym roku akademickim,\u00a0<\/li>\n<li>na wniosek przewodnicz\u0105cego Ko\u0142a,\u00a0<\/li>\n<li>na wniosek opiekuna Ko\u0142a.\u00a0<\/li>\n<li>Czas i miejsce oraz porz\u0105dek Walnego Zebrania Cz\u0142onk\u00f3w musz\u0105 by\u0107 og\u0142oszone nie p\u00f3\u017aniej ni\u017c\u00a0 na 7 dni przed terminem zebrania.\u00a0<\/li>\n<li>Uchwa\u0142y Walnego Zebrania Cz\u0142onk\u00f3w s\u0105 wi\u0105\u017c\u0105ce, o ile w obradach uczestnicy co najmniej \u00bd\u00a0 cz\u0142onk\u00f3w zwyczajnych Ko\u0142a.\u00a0<\/li>\n<li>W przypadku braku stwierdzenia wymaganego kworum Przewodnicz\u0105cy wyznacza nowy termin\u00a0 posiedzenia. Uchwa\u0142y podj\u0119te na posiedzeniu wyznaczonym w taki spos\u00f3b s\u0105 wi\u0105\u017c\u0105ce bez\u00a0 wzgl\u0119du na kworum.\u00a0<\/li>\n<li>W przypadku braku odmiennych uregulowa\u0144 Walne Zebranie Cz\u0142onk\u00f3w podejmuje uchwa\u0142y\u00a0 zwyk\u0142\u0105 wi\u0119kszo\u015bci\u0105 g\u0142os\u00f3w. W przypadku remisu, decyzj\u0119 podejmuje Przewodnicz\u0105cy Ko\u0142a.<\/li>\n<li>Obrady Walnego Zebrania Cz\u0142onk\u00f3w s\u0105 protoko\u0142owane. Protok\u00f3\u0142 sporz\u0105dza i podpisuje aktualnie\u00a0 urz\u0119duj\u0105cy Zarz\u0105d Ko\u0142a oraz Opiekun naukowy Ko\u0142a.\u00a0<\/li>\n<li>W sytuacjach nadzwyczajnych obrady Walnego Zebrania Cz\u0142onk\u00f3w mog\u0105 odbywa\u0107 si\u0119 w formie\u00a0 zdalnej.<\/li>\n<\/ol>\n<p><strong>\u00a0<\/strong><\/p>\n<ul>\n<li><strong>7<\/strong><\/li>\n<\/ul>\n<p><strong>Zarz\u0105d<\/strong><\/p>\n<ol>\n<li>Zarz\u0105d jest w\u0142adz\u0105 wykonawcz\u0105 Ko\u0142a.\u00a0<\/li>\n<li>Przewodnicz\u0105cy Ko\u0142a wybierany jest na Walnym Zebraniu Ko\u0142a na jeden rok akademicki.<\/li>\n<li>Stanowisko Przewodnicz\u0105ce Ko\u0142a i kadencja Przewodnicz\u0105cego Ko\u0142a zostaje przed\u0142u\u017cona o dodatkowy rok w przypadku braku wniosku o zmian\u0119 lub braku innego kandydata. Kadencja mo\u017ce by\u0107 wybierana ponownie dwukrotnie.<\/li>\n<li>Wybory Zarz\u0105du Ko\u0142a dokonuje Walne Zebranie Cz\u0142onk\u00f3w w g\u0142osowaniu tajnym.<\/li>\n<li>Przewodnicz\u0105cy ponosi odpowiedzialno\u015b\u0107 za dzia\u0142alno\u015b\u0107 Ko\u0142a przed w\u0142adzami Uniwersytetu\u00a0 Gda\u0144skiego.\u00a0<\/li>\n<li>Z przyczyn losowych, rezygnacja z kadencji Zarz\u0105du w czasie jego trwania, dokonuje si\u0119 na\u00a0 Walnym Zebraniu Cz\u0142onk\u00f3w.\u00a0<\/li>\n<\/ol>\n<ul>\n<li><strong>8<\/strong><\/li>\n<\/ul>\n<ol>\n<li>Do kompetencji Zarz\u0105du nale\u017cy w szczeg\u00f3lno\u015bci:\u00a0<\/li>\n<li>kierowanie dzia\u0142alno\u015bci\u0105 Ko\u0142a,\u00a0<\/li>\n<li>nadz\u00f3r nad realizacj\u0105 planu dzia\u0142alno\u015bci,\u00a0<\/li>\n<li>reprezentowanie Ko\u0142a oraz Uniwersytetu Gda\u0144skiego,\u00a0<\/li>\n<li>przygotowywanie sprawozda\u0144 finansowych i merytorycznych w terminach wskazanych przez\u00a0 obowi\u0105zuj\u0105ce na Uczelni akty prawne,\u00a0<\/li>\n<li>sk\u0142adanie sprawozdania z dzia\u0142alno\u015bci Ko\u0142a podczas Walnego Zebrania Cz\u0142onk\u00f3w,<\/li>\n<li>administrowanie \u015brodkami finansowymi i materialnymi pozostaj\u0105cymi w dyspozycji Ko\u0142a,<\/li>\n<li>prowadzenie rejestru cz\u0142onk\u00f3w,\u00a0<\/li>\n<li>powo\u0142ywanie sekcji Ko\u0142a,\u00a0<\/li>\n<li>powo\u0142ywanie cz\u0142onk\u00f3w wspieraj\u0105cych Ko\u0142o,\u00a0<\/li>\n<li>obowi\u0105zek pobierania oraz zarz\u0105dzania kluczem do laboratorium G137 Ko\u0142a Naukowego\u00a0 Ochrony \u015arodowiska Wydzia\u0142u Chemii UG.\u00a0<\/li>\n<\/ol>\n<ul>\n<li><strong> 10<\/strong><\/li>\n<\/ul>\n<ol>\n<li>Zarz\u0105d Ko\u0142a podejmuje decyzje zwyk\u0142\u0105 wi\u0119kszo\u015bci\u0105 g\u0142os\u00f3w we wszystkich sprawach nie\u00a0 zastrze\u017conych dla kompetencji Walnego Zebrania Cz\u0142onk\u00f3w, w obecno\u015bci co najmniej 1\/3 ilo\u015bci\u00a0 cz\u0142onk\u00f3w zwyczajnych.\u00a0<\/li>\n<li>W przypadku r\u00f3wnej ilo\u015bci g\u0142os\u00f3w decyduje g\u0142os Przewodnicz\u0105cego Ko\u0142a.<\/li>\n<\/ol>\n<p><strong>\u00a0<\/strong><\/p>\n<ul>\n<li><strong> 11<\/strong><\/li>\n<\/ul>\n<ol>\n<li>Cz\u0142onkowie Zarz\u0105du zobowi\u0105zani s\u0105 do z\u0142o\u017cenia pod koniec kadencji sprawozdania ze swojej\u00a0 dzia\u0142alno\u015bci.\u00a0<\/li>\n<li>Absolutorium z dzia\u0142alno\u015bci udzielane jest przez Walne Zebranie Cz\u0142onk\u00f3w.\u00a0<\/li>\n<\/ol>\n<p>\u00a0<\/p>\n<ul>\n<li><strong>12<\/strong><\/li>\n<\/ul>\n<p><strong>Cz\u0142onkostwo w Kole\u00a0<\/strong><\/p>\n<ol>\n<li>Cz\u0142onkowie Ko\u0142a dziel\u0105 si\u0119 na:\u00a0<\/li>\n<li>Zwyczajnych,\u00a0<\/li>\n<li>Wspieraj\u0105cych.\u00a0<\/li>\n<li>Cz\u0142onkiem zwyczajnym Ko\u0142a mo\u017ce zosta\u0107 student Uniwersytetu Gda\u0144skiego studi\u00f3w pierwszego\u00a0 lub drugiego stopnia niezale\u017cnie od kierunku i trybu studi\u00f3w.\u00a0<\/li>\n<li>Cz\u0142onkiem wspieraj\u0105cym mo\u017ce zosta\u0107:\u00a0<\/li>\n<li>student z Szko\u0142y Doktorskiej Uniwersytetu Gda\u0144skiego,\u00a0<\/li>\n<li>ka\u017cda osoba zwi\u0105zana z Uniwersytetem Gda\u0144skim wyra\u017caj\u0105ca ch\u0119\u0107 realizacji statutowych cel\u00f3w Ko\u0142a.<\/li>\n<li>Cz\u0142onek wspieraj\u0105cy ma takie same prawa jak cz\u0142onek zwyczajny, z wyj\u0105tkiem biernego i czynnego\u00a0 prawa wyborczego do w\u0142adz Ko\u0142a i zmian statutowych oraz do dost\u0119pu do infrastruktury Uczelni.<\/li>\n<li>Je\u015bli cz\u0142onek zwyczajny uko\u0144czy studia pierwszego stopnia i w tym samy roku b\u0119dzie kontynuowa\u0142\u00a0 studia na drugim stopniu, nie traci cz\u0142onkostwa Ko\u0142a.\u00a0<\/li>\n<\/ol>\n<ul>\n<li><strong>13\u00a0<\/strong><\/li>\n<\/ul>\n<ol>\n<li>Utrata cz\u0142onkostwa nast\u0119puje wskutek:\u00a0<\/li>\n<li>wykluczenia na podstawie uchwa\u0142y Zarz\u0105du Ko\u0142a,\u00a0<\/li>\n<li>na skutek utraty przez cz\u0142onka zwyczajnego statusu studenta\/doktoranta,<\/li>\n<li>braku zaanga\u017cowania w prace Ko\u0142a,\u00a0<\/li>\n<li>na pisemny wniosek cz\u0142onka.\u00a0<\/li>\n<li>Od decyzji podj\u0119tej przez Zarz\u0105d na podstawie ust. 1 pkt a \u2013 c niniejszego paragrafu przys\u0142uguje\u00a0 odwo\u0142anie do Walnego Zebrania Cz\u0142onk\u00f3w w terminie 14 dni od daty jej otrzymania.\u00a0<\/li>\n<\/ol>\n<p><strong>\u00a0<\/strong><\/p>\n<ul>\n<li><strong>15\u00a0<\/strong><\/li>\n<\/ul>\n<p><strong>Prawa i obowi\u0105zki cz\u0142onk\u00f3w\u00a0<\/strong><\/p>\n<ol>\n<li>Cz\u0142onkowie maj\u0105 obowi\u0105zek:\u00a0<\/li>\n<li>post\u0119powania zgodnego prawem obowi\u0105zuj\u0105cym w Uczelni,<\/li>\n<li>post\u0119powania zgodnego ze statutem Ko\u0142a,\u00a0<\/li>\n<li>aktywnego zaanga\u017cowania w pracach na rzecz Ko\u0142a,\u00a0<\/li>\n<li>uczestnictwa w spotkaniach Ko\u0142a,\u00a0<\/li>\n<li>stosowania si\u0119 do uchwa\u0142 zarz\u0105du Ko\u0142a,\u00a0<\/li>\n<li>godnego reprezentowania Ko\u0142a oraz Uczelni,\u00a0<\/li>\n<li>rzetelnego spe\u0142niania przyj\u0119tych obowi\u0105zk\u00f3w,\u00a0<\/li>\n<li>wywi\u0105zywanie si\u0119 z zada\u0144 zleconych przez Dziekana Wydzia\u0142u Chemii, Opiekuna naukowego\u00a0 i Zarz\u0105d KNO\u015a.\u00a0<\/li>\n<\/ol>\n<ul>\n<li><strong>16\u00a0<\/strong><\/li>\n<\/ul>\n<ol start=\"3\">\n<li>Cz\u0142onkowie zwyczajni maj\u0105 prawo do:\u00a0<\/li>\n<li>czynnego i biernego prawa wyborczego,\u00a0<\/li>\n<li>udzia\u0142u we wszystkich formach dzia\u0142alno\u015bci Ko\u0142a,\u00a0<\/li>\n<li>uczestnictwa w Walnym Zebraniu Cz\u0142onk\u00f3w,\u00a0<\/li>\n<li>wnioskowania w ka\u017cdej sprawie dotycz\u0105cej Ko\u0142a,\u00a0<\/li>\n<li>zg\u0142aszania opinii, wniosk\u00f3w, postulat\u00f3w dotycz\u0105cych pracy Ko\u0142a oraz zarz\u0105du Ko\u0142a,<\/li>\n<li>korzystania z wszelkich dost\u0119pnych Ko\u0142u \u015brodk\u00f3w.\u00a0<\/li>\n<li>pobierania klucza do pokoju Ko\u0142a oraz korzystania z niego,\u00a0<\/li>\n<li>pobierania klucza do laboratorium Ko\u0142a oraz korzystania z niego za zgod\u0105 Zarz\u0105du Ko\u0142a,\u00a0 opiekuna Ko\u0142a lub opiekuna pomocniczego Ko\u0142a.\u00a0<\/li>\n<\/ol>\n<p><strong>\u00a0<\/strong><\/p>\n<ul>\n<li><strong>17\u00a0<\/strong><\/li>\n<\/ul>\n<p><strong>Postanowienia ko\u0144cowe\u00a0<\/strong><\/p>\n<ol>\n<li>Niniejszy statut wchodzi w \u017cycie z dniem zatwierdzenia go przez Rektora W sprawach nieuregulowanych w niniejszym statucie stosuje si\u0119 aktualnie obowi\u0105zuj\u0105ce przepisy\u00a0 prawa oraz ustawy i regulaminy obowi\u0105zuj\u0105ce na Uniwersytecie Gda\u0144skim.\u00a0\u00a0<\/li>\n<\/ol>\n<p>Za\u0142\u0105czniki:\u00a0<\/p>\n<ol>\n<li>Wz\u00f3r logotypu oraz piecz\u0119ci Ko\u0142a.<\/li>\n<\/ol>\n<p>\u00a0<\/p>\n\n\n<figure class=\"wp-block-image\"><img fetchpriority=\"high\" decoding=\"async\" width=\"225\" height=\"225\" src=\"https:\/\/knos.ug.edu.pl\/wp-content\/uploads\/2021\/03\/pobrane.png\" alt=\"\" class=\"wp-image-1140\" srcset=\"https:\/\/knos.ug.edu.pl\/wp-content\/uploads\/2021\/03\/pobrane.png 225w, https:\/\/knos.ug.edu.pl\/wp-content\/uploads\/2021\/03\/pobrane-150x150.png 150w\" sizes=\"(max-width: 225px) 100vw, 225px\" \/><\/figure>\n\n\n\n<figure class=\"wp-block-image is-resized\"><img decoding=\"async\" src=\"https:\/\/knos.ug.edu.pl\/wp-content\/uploads\/2022\/06\/z.png\" alt=\"\" class=\"wp-image-1332\" width=\"217\" height=\"113\"\/><\/figure>\n","protected":false},"excerpt":{"rendered":"<p>STATUT\u00a0 Ko\u0142a Naukowego Ochrony \u015arodowiska Wydzia\u0142u Chemii Uniwersytetu Gda\u0144skiego\u00a0 1\u00a0 Postanowienia og\u00f3lne\u00a0 Ko\u0142o Naukowe pod pe\u0142n\u0105 nazw\u0105 Ko\u0142o Naukowe Ochrony \u015arodowiska Wydzia\u0142u Chemii\u00a0 Uniwersytetu Gda\u0144skiego, jest uczelnian\u0105 organizacj\u0105 studenck\u0105 i w rozumieniu ustawy \u201ePrawo\u00a0 o szkolnictwie wy\u017cszym\u201d zwane dalej Ko\u0142em.\u00a0 Ko\u0142o dzia\u0142a na podstawie Ustawy \u201ePrawo o szkolnictwie wy\u017cszym\u201d z dnia 20 lipca 2018 r. [&hellip;]<\/p>\n","protected":false},"author":100,"featured_media":0,"parent":0,"menu_order":0,"comment_status":"closed","ping_status":"closed","template":"","meta":{"footnotes":""},"class_list":["post-1162","page","type-page","status-publish","hentry"],"_links":{"self":[{"href":"https:\/\/knos.ug.edu.pl\/index.php?rest_route=\/wp\/v2\/pages\/1162","targetHints":{"allow":["GET"]}}],"collection":[{"href":"https:\/\/knos.ug.edu.pl\/index.php?rest_route=\/wp\/v2\/pages"}],"about":[{"href":"https:\/\/knos.ug.edu.pl\/index.php?rest_route=\/wp\/v2\/types\/page"}],"author":[{"embeddable":true,"href":"https:\/\/knos.ug.edu.pl\/index.php?rest_route=\/wp\/v2\/users\/100"}],"replies":[{"embeddable":true,"href":"https:\/\/knos.ug.edu.pl\/index.php?rest_route=%2Fwp%2Fv2%2Fcomments&post=1162"}],"version-history":[{"count":3,"href":"https:\/\/knos.ug.edu.pl\/index.php?rest_route=\/wp\/v2\/pages\/1162\/revisions"}],"predecessor-version":[{"id":1333,"href":"https:\/\/knos.ug.edu.pl\/index.php?rest_route=\/wp\/v2\/pages\/1162\/revisions\/1333"}],"wp:attachment":[{"href":"https:\/\/knos.ug.edu.pl\/index.php?rest_route=%2Fwp%2Fv2%2Fmedia&parent=1162"}],"curies":[{"name":"wp","href":"https:\/\/api.w.org\/{rel}","templated":true}]}}